{"id":331,"date":"2024-01-03T13:52:57","date_gmt":"2024-01-03T18:52:57","guid":{"rendered":"https:\/\/quadexpert.com\/yamalube\/?post_type=product&#038;p=331"},"modified":"2024-05-09T15:51:02","modified_gmt":"2024-05-09T19:51:02","slug":"yamalube-shaft-drive-oil-exclusive","status":"publish","type":"product","link":"https:\/\/quadexpert.com\/yamalube\/product\/yamalube-shaft-drive-oil-exclusive\/","title":{"rendered":"YAMALUBE\u00ae SHAFT DRIVE OIL EXCLUSIVE"},"content":{"rendered":"<div class=\"accordion-header mz-l-stack-sectiontitle\">DESCRIPTION<\/div>\n<div class=\"accordion-content-wrapper\">\n<div class=\"accordion-content\">\n<p>Provides superior heat resistance and protection to ring and pinion gears during high-speed, long-distance traveling.<\/p>\n<ul>\n<li>Designed specifically for use with FJR1300, VMAX, and Super T\u00e9n\u00e9r\u00e9<\/li>\n<li>946 ml<\/li>\n<\/ul>\n<div class=\"accordion-header\">FITMENTS<\/div>\n<div class=\"accordion-content-wrapper\">\n<div class=\"accordion-content\">\n<ul class=\"unit-fitments product-list row\">\n<li class=\"col-md-4\">2024 Super Tenere ES<\/li>\n<li class=\"col-md-4\">2021 FJR1300ES<\/li>\n<li class=\"col-md-4\">2021 SUPER T\u00c9N\u00c9R\u00c9 ES<\/li>\n<li class=\"col-md-4\">2020 FJR1300ES<\/li>\n<li class=\"col-md-4\">2020 SUPER T\u00c9N\u00c9R\u00c9 ES<\/li>\n<li class=\"col-md-4\">2020 VMAX<\/li>\n<li class=\"col-md-4\">2019 FJR1300ES<\/li>\n<li class=\"col-md-4\">2019 SUPER T\u00c9N\u00c9R\u00c9 ES<\/li>\n<li class=\"col-md-4\">2019 VMAX<\/li>\n<li class=\"col-md-4\">2018 FJR1300 ABS<\/li>\n<li class=\"col-md-4\">2018 FJR1300ES ABS<\/li>\n<li class=\"col-md-4\">2018 Super T\u00e9n\u00e9r\u00e9 ABS<\/li>\n<li class=\"col-md-4\">2018 Super T\u00e9n\u00e9r\u00e9 ES ABS<\/li>\n<li class=\"col-md-4\">2018 VMX17 (VMAX)<\/li>\n<li class=\"col-md-4\">2017 FJR1300 ABS<\/li>\n<li class=\"col-md-4\">2017 FJR1300ES ABS<\/li>\n<li class=\"col-md-4\">2017 Super T\u00e9n\u00e9r\u00e9 ABS<\/li>\n<li class=\"col-md-4\">2017 Super T\u00e9n\u00e9r\u00e9 ES ABS<\/li>\n<li class=\"col-md-4\">2017 VMX17 (VMAX)<\/li>\n<li class=\"col-md-4\">2016 FJR1300<\/li>\n<li class=\"col-md-4\">2016 FJR1300ES<\/li>\n<li class=\"col-md-4\">2016 Super T\u00e9n\u00e9r\u00e9<\/li>\n<li class=\"col-md-4\">2016 Super T\u00e9n\u00e9r\u00e9 ES<\/li>\n<li class=\"col-md-4\">2016 VMX17 (VMAX)<\/li>\n<li class=\"col-md-4\">2015 FJR1300<\/li>\n<li class=\"col-md-4\">2015 FJR1300ES<\/li>\n<li class=\"col-md-4\">2015 Super T\u00e9n\u00e9r\u00e9<\/li>\n<li class=\"col-md-4\">2015 Super T\u00e9n\u00e9r\u00e9 ES<\/li>\n<li class=\"col-md-4\">2015 VMX17 (VMAX)<\/li>\n<li class=\"col-md-4\">2014 FJR1300<\/li>\n<li class=\"col-md-4\">2014 FJR1300ES<\/li>\n<li class=\"col-md-4\">2014 Super T\u00e9n\u00e9r\u00e9<\/li>\n<li class=\"col-md-4\">2014 Super T\u00e9n\u00e9r\u00e9 ES<\/li>\n<li class=\"col-md-4\">2014 Super T\u00e9n\u00e9r\u00e9<\/li>\n<li class=\"col-md-4\">2014 VMX17 (VMAX)<\/li>\n<li class=\"col-md-4\">2013 FJR1300<\/li>\n<li class=\"col-md-4\">2013 Super T\u00e9n\u00e9r\u00e9<\/li>\n<li class=\"col-md-4\">2013 VMX17 (VMAX)<\/li>\n<li class=\"col-md-4\">2012 FJR1300<\/li>\n<li class=\"col-md-4\">2012 Super T\u00e9n\u00e9r\u00e9<\/li>\n<li class=\"col-md-4\">2012 VMX17 (VMAX)<\/li>\n<li class=\"col-md-4\">2011 FJR1300<\/li>\n<li class=\"col-md-4\">2011 VMX17 (VMAX)<\/li>\n<li class=\"col-md-4\">2010 FJR1300A<\/li>\n<li class=\"col-md-4\">2010 VMX17 (VMAX)<\/li>\n<li class=\"col-md-4\">2009 FJR1300A<\/li>\n<li class=\"col-md-4\">2009 FJR1300AE<\/li>\n<li class=\"col-md-4\">2009 VMX17 (VMAX)<\/li>\n<li class=\"col-md-4\">2008 FJR1300A<\/li>\n<li class=\"col-md-4\">2008 FJR1300AE<\/li>\n<li class=\"col-md-4\">2006 FJR1300A<\/li>\n<li class=\"col-md-4\">2006 FJR1300AE<\/li>\n<li class=\"col-md-4\">2005 FJR1300<\/li>\n<li class=\"col-md-4\">2005 FJR1300 ABS<\/li>\n<\/ul>\n<\/div>\n<\/div>\n<\/div>\n<\/div>\n","protected":false},"excerpt":{"rendered":"<p>DESCRIPTION Provides superior heat resistance and protection to ring and pinion gears during high-speed, long-distance traveling. Designed specifically for use with FJR1300, VMAX, and Super T\u00e9n\u00e9r\u00e9 946 ml FITMENTS 2024 Super Tenere ES 2021 FJR1300ES 2021 SUPER T\u00c9N\u00c9R\u00c9 ES 2020 FJR1300ES 2020 SUPER T\u00c9N\u00c9R\u00c9 ES 2020 VMAX 2019 FJR1300ES 2019 SUPER T\u00c9N\u00c9R\u00c9 ES 2019 VMAX [&#8230;]\n","protected":false},"featured_media":332,"comment_status":"closed","ping_status":"closed","template":"","meta":[],"product_brand":[],"product_cat":[92],"product_tag":[],"class_list":{"0":"post-331","1":"product","2":"type-product","3":"status-publish","4":"has-post-thumbnail","6":"product_cat-lubricant-greases","8":"first","9":"instock","10":"taxable","11":"shipping-taxable","12":"purchasable","13":"product-type-simple"},"_links":{"self":[{"href":"https:\/\/quadexpert.com\/yamalube\/wp-json\/wp\/v2\/product\/331","targetHints":{"allow":["GET"]}}],"collection":[{"href":"https:\/\/quadexpert.com\/yamalube\/wp-json\/wp\/v2\/product"}],"about":[{"href":"https:\/\/quadexpert.com\/yamalube\/wp-json\/wp\/v2\/types\/product"}],"replies":[{"embeddable":true,"href":"https:\/\/quadexpert.com\/yamalube\/wp-json\/wp\/v2\/comments?post=331"}],"wp:featuredmedia":[{"embeddable":true,"href":"https:\/\/quadexpert.com\/yamalube\/wp-json\/wp\/v2\/media\/332"}],"wp:attachment":[{"href":"https:\/\/quadexpert.com\/yamalube\/wp-json\/wp\/v2\/media?parent=331"}],"wp:term":[{"taxonomy":"product_brand","embeddable":true,"href":"https:\/\/quadexpert.com\/yamalube\/wp-json\/wp\/v2\/product_brand?post=331"},{"taxonomy":"product_cat","embeddable":true,"href":"https:\/\/quadexpert.com\/yamalube\/wp-json\/wp\/v2\/product_cat?post=331"},{"taxonomy":"product_tag","embeddable":true,"href":"https:\/\/quadexpert.com\/yamalube\/wp-json\/wp\/v2\/product_tag?post=331"}],"curies":[{"name":"wp","href":"https:\/\/api.w.org\/{rel}","templated":true}]}}